{"id":2,"date":"2016-05-10T03:48:21","date_gmt":"2016-05-10T03:48:21","guid":{"rendered":"https:\/\/smarthome-niederrhein.de\/?page_id=2"},"modified":"2022-01-17T18:09:18","modified_gmt":"2022-01-17T18:09:18","slug":"sample-page","status":"publish","type":"page","link":"https:\/\/smarthome-niederrhein.de\/?page_id=2","title":{"rendered":"Ran an den Speck"},"content":{"rendered":"<p>Der Plan steht &#8211; jetzt geht&#8217;s los! Zun\u00e4chst k\u00fcmmern wir uns um die Installation der notwendigen Komponenten. Aus haftungsrechtlichen Gr\u00fcnden sollte diese stets von ausgebildeten Fachkr\u00e4ften durchgef\u00fchrt werden. Wir \u00fcbernehmen selbst keine Installationsarbeiten, sondern arbeiten mit Fachfirmen zusammen. Gerne begleiten wir den oder die\u00a0Handwerker Ihres Vertrauens bei der Umsetzung. Das von uns erstellte Leistungsverzeichnis bildet daf\u00fcr die Grundlage.<\/p>\n<h6>Unsere Firmenpartner<\/h6>\n<p>Wir verf\u00fcgen \u00fcber ein gutes Netzwerk erfahrener Fachhandwerker, mit denen wir Hand in Hand zusammenarbeiten. Diese verstehen unseren -oft sehr technischen- Slang auf Anhieb und sind aufgrund ihrer Projekterfahrung in der Lage, unsere Planungen handwerklich kompetent und zuverl\u00e4ssig umzusetzen. Und besonders wichtig:\u00a0sie sprechen miteinander. Da gibt&#8217;s kein &#8222;der andere ist schuld&#8220; &#8211; der gemeinsame Projekterfolg steht im Fokus. Gerne k\u00fcmmern wir uns f\u00fcr Sie um entsprechende Kooperationsangebote.<\/p>\n<h6>Jetzt die Logik\u00a0<\/h6>\n<p>Nun geht es darum, die Hardware mit Informationen zu f\u00fcttern. Wir \u00fcbernehmen die Grundeinrichtung des Systems und konfigurieren es mit den von Ihnen gew\u00fcnschten Funktionen. Wir sorgen f\u00fcr die logische Vernetzung aller Komponenten.\u00a0Und wir sorgen daf\u00fcr, dass Sie zuk\u00fcnftig ganz ohne unser Zutun alles \u00fcber Ihr Handy oder Tablet bedienen k\u00f6nnen.\u00a0<\/p>\n\n\n<p><\/p>\n","protected":false},"excerpt":{"rendered":"<p>Der Plan steht &#8211; jetzt geht&#8217;s los! Zun\u00e4chst k\u00fcmmern wir uns um die Installation der notwendigen Komponenten. Aus haftungsrechtlichen Gr\u00fcnden sollte diese stets von ausgebildeten Fachkr\u00e4ften durchgef\u00fchrt werden. Wir \u00fcbernehmen selbst keine Installationsarbeiten, sondern arbeiten mit Fachfirmen zusammen. Gerne begleiten&hellip; <\/p>\n","protected":false},"author":1,"featured_media":0,"parent":0,"menu_order":0,"comment_status":"closed","ping_status":"closed","template":"","meta":{"footnotes":""},"class_list":["post-2","page","type-page","status-publish","hentry"],"_links":{"self":[{"href":"https:\/\/smarthome-niederrhein.de\/index.php?rest_route=\/wp\/v2\/pages\/2","targetHints":{"allow":["GET"]}}],"collection":[{"href":"https:\/\/smarthome-niederrhein.de\/index.php?rest_route=\/wp\/v2\/pages"}],"about":[{"href":"https:\/\/smarthome-niederrhein.de\/index.php?rest_route=\/wp\/v2\/types\/page"}],"author":[{"embeddable":true,"href":"https:\/\/smarthome-niederrhein.de\/index.php?rest_route=\/wp\/v2\/users\/1"}],"replies":[{"embeddable":true,"href":"https:\/\/smarthome-niederrhein.de\/index.php?rest_route=%2Fwp%2Fv2%2Fcomments&post=2"}],"version-history":[{"count":7,"href":"https:\/\/smarthome-niederrhein.de\/index.php?rest_route=\/wp\/v2\/pages\/2\/revisions"}],"predecessor-version":[{"id":364,"href":"https:\/\/smarthome-niederrhein.de\/index.php?rest_route=\/wp\/v2\/pages\/2\/revisions\/364"}],"wp:attachment":[{"href":"https:\/\/smarthome-niederrhein.de\/index.php?rest_route=%2Fwp%2Fv2%2Fmedia&parent=2"}],"curies":[{"name":"wp","href":"https:\/\/api.w.org\/{rel}","templated":true}]}}