{"id":22,"date":"2014-05-04T16:34:38","date_gmt":"2014-05-04T16:34:38","guid":{"rendered":"http:\/\/demo.themegrill.com\/vintage\/?page_id=22"},"modified":"2022-01-18T13:57:59","modified_gmt":"2022-01-18T13:57:59","slug":"featured-slider","status":"publish","type":"page","link":"https:\/\/smarthome-niederrhein.de\/?page_id=22","title":{"rendered":"Sicherheit &#038; Zutritt"},"content":{"rendered":"<div class=\"et_pb_column et_pb_column_1_3 et_pb_column_15  et_pb_css_mix_blend_mode_passthrough\">\n<div class=\"et_pb_module et_pb_blurb et_pb_blurb_0  et_pb_text_align_center  et_pb_blurb_position_top et_pb_bg_layout_dark\">\n<div class=\"et_pb_blurb_content\">\n<div class=\"et_pb_blurb_container\">\n<div class=\"et_pb_blurb_description\">\n<ul>\n<li>pers\u00f6nliche Zutrittsrechte (Entzug jederzeit m\u00f6glich)<\/li>\n<li>Zugang per Code oder Fingerabdruck<\/li>\n<li>Protokollierung des Zugangs<\/li>\n<li>\u00dcberwachung Pr\u00e4senz, Fenster-\/T\u00fcr\u00f6ffnung, etc.<\/li>\n<li>Anwesenheitssimulation<\/li>\n<li>Alarmfunktion<\/li>\n<\/ul>\n<\/div>\n<\/div>\n<\/div>\n<\/div>\n<\/div>\n<div class=\"et_pb_column et_pb_column_1_3 et_pb_column_16  et_pb_css_mix_blend_mode_passthrough\">\n<div class=\"et_pb_row et_pb_row_12 et_pb_equal_columns\">\n<div class=\"et_pb_column et_pb_column_1_3 et_pb_column_18  et_pb_css_mix_blend_mode_passthrough\">\n<div class=\"et_pb_column et_pb_column_1_3 et_pb_column_19  et_pb_css_mix_blend_mode_passthrough\">\n<div class=\"et_pb_column et_pb_column_1_3 et_pb_column_20  et_pb_css_mix_blend_mode_passthrough et-last-child\">\n<div class=\"et_pb_module et_pb_blurb et_pb_blurb_5  et_pb_text_align_center  et_pb_blurb_position_top et_pb_bg_layout_dark\">\n<div class=\"et_pb_blurb_content\">\n<div class=\"et_pb_main_blurb_image\">\n<div class=\"et_pb_blurb_container\">\n<div class=\"et_pb_blurb_description\"><\/div>\n<\/div>\n<\/div>\n<\/div>\n<\/div>\n<\/div>\n<\/div>\n<\/div>\n<\/div>\n<\/div>\n","protected":false},"excerpt":{"rendered":"<p>pers\u00f6nliche Zutrittsrechte (Entzug jederzeit m\u00f6glich) Zugang per Code oder Fingerabdruck Protokollierung des Zugangs \u00dcberwachung Pr\u00e4senz, Fenster-\/T\u00fcr\u00f6ffnung, etc. Anwesenheitssimulation Alarmfunktion<\/p>\n","protected":false},"author":1,"featured_media":305,"parent":0,"menu_order":0,"comment_status":"closed","ping_status":"closed","template":"","meta":{"footnotes":""},"class_list":["post-22","page","type-page","status-publish","has-post-thumbnail","hentry"],"_links":{"self":[{"href":"https:\/\/smarthome-niederrhein.de\/index.php?rest_route=\/wp\/v2\/pages\/22","targetHints":{"allow":["GET"]}}],"collection":[{"href":"https:\/\/smarthome-niederrhein.de\/index.php?rest_route=\/wp\/v2\/pages"}],"about":[{"href":"https:\/\/smarthome-niederrhein.de\/index.php?rest_route=\/wp\/v2\/types\/page"}],"author":[{"embeddable":true,"href":"https:\/\/smarthome-niederrhein.de\/index.php?rest_route=\/wp\/v2\/users\/1"}],"replies":[{"embeddable":true,"href":"https:\/\/smarthome-niederrhein.de\/index.php?rest_route=%2Fwp%2Fv2%2Fcomments&post=22"}],"version-history":[{"count":4,"href":"https:\/\/smarthome-niederrhein.de\/index.php?rest_route=\/wp\/v2\/pages\/22\/revisions"}],"predecessor-version":[{"id":406,"href":"https:\/\/smarthome-niederrhein.de\/index.php?rest_route=\/wp\/v2\/pages\/22\/revisions\/406"}],"wp:featuredmedia":[{"embeddable":true,"href":"https:\/\/smarthome-niederrhein.de\/index.php?rest_route=\/wp\/v2\/media\/305"}],"wp:attachment":[{"href":"https:\/\/smarthome-niederrhein.de\/index.php?rest_route=%2Fwp%2Fv2%2Fmedia&parent=22"}],"curies":[{"name":"wp","href":"https:\/\/api.w.org\/{rel}","templated":true}]}}