{"id":240,"date":"2014-05-04T15:47:19","date_gmt":"2014-05-04T15:47:19","guid":{"rendered":"http:\/\/demo.themegrill.com\/vintage\/?page_id=4"},"modified":"2022-01-17T17:06:00","modified_gmt":"2022-01-17T17:06:00","slug":"responsive-design","status":"publish","type":"page","link":"https:\/\/smarthome-niederrhein.de\/?page_id=240","title":{"rendered":"Amanda, Cherie, usw."},"content":{"rendered":"<p>Wer kennt sie nicht, die viel versprechenden Werbebotschaften mit der Stimme aus dem Internet? Nennen wir sie A&#8230;manda.<\/p>\n<p>Amanda schaltet das Licht, sie bedient die Rolll\u00e4den, macht die Heizung an, spielt Ihre Lieblingsmusik und sie sagt Ihnen, was Sie heute kochen k\u00f6nnten. Bedauerlicher Weise \u00fcbernimmt sie weder das, noch nimmt sie Ihnen das Waschen und B\u00fcgeln ab.&nbsp;<\/p>\n<h6>Was k\u00f6nnen wir f\u00fcr Sie tun?<\/h6>\n<p>Spass beiseite: Wenn Sie den Weg auf diese Seite gefunden haben, dann sicherlich nicht in der Erwartung, hier eine L\u00f6sung f\u00fcr die automatisierte Aufbereitung Ihrer Lieblingsgarderobe zu finden.&nbsp;<\/p>\n<p>Nein, Sie sind sicherlich hier, um mehr \u00fcber technische M\u00f6glichkeiten zu erfahren; vielleicht auch dar\u00fcber, wie wir Ihnen helfen k\u00f6nnen, Ihr Leben etwas komfortabler zu gestalten. Oder geht es Ihnen in Zeiten des Klimawandels um die effiziente Nutzung von Energie? Vielleicht m\u00f6chten Sie Ihr Zuhause sicherer machen?<\/p>\n<h6>L\u00f6sungen &#8222;von der Stange&#8220;<\/h6>\n<p>&#8230; gibt&#8217;s bei uns nicht. Lassen Sie uns reden &#8211; \u00fcber Ihre W\u00fcnsche und Ihren Bedarf. Wir h\u00f6ren Ihnen ganz genau zu und erkl\u00e4ren Ihnen, was geht. Diese Erstberatung f\u00fchren wir vollkommen unverbindlich durch.<\/p>\n\n\n<p><\/p>\n","protected":false},"excerpt":{"rendered":"<p>Wer kennt sie nicht, die viel versprechenden Werbebotschaften mit der Stimme aus dem Internet? Nennen wir sie A&#8230;manda. Amanda schaltet das Licht, sie bedient die Rolll\u00e4den, macht die Heizung an, spielt Ihre Lieblingsmusik und sie sagt Ihnen, was Sie heute&hellip; <\/p>\n","protected":false},"author":1,"featured_media":0,"parent":0,"menu_order":0,"comment_status":"closed","ping_status":"closed","template":"","meta":{"footnotes":""},"class_list":["post-240","page","type-page","status-publish","hentry"],"_links":{"self":[{"href":"https:\/\/smarthome-niederrhein.de\/index.php?rest_route=\/wp\/v2\/pages\/240","targetHints":{"allow":["GET"]}}],"collection":[{"href":"https:\/\/smarthome-niederrhein.de\/index.php?rest_route=\/wp\/v2\/pages"}],"about":[{"href":"https:\/\/smarthome-niederrhein.de\/index.php?rest_route=\/wp\/v2\/types\/page"}],"author":[{"embeddable":true,"href":"https:\/\/smarthome-niederrhein.de\/index.php?rest_route=\/wp\/v2\/users\/1"}],"replies":[{"embeddable":true,"href":"https:\/\/smarthome-niederrhein.de\/index.php?rest_route=%2Fwp%2Fv2%2Fcomments&post=240"}],"version-history":[{"count":22,"href":"https:\/\/smarthome-niederrhein.de\/index.php?rest_route=\/wp\/v2\/pages\/240\/revisions"}],"predecessor-version":[{"id":362,"href":"https:\/\/smarthome-niederrhein.de\/index.php?rest_route=\/wp\/v2\/pages\/240\/revisions\/362"}],"wp:attachment":[{"href":"https:\/\/smarthome-niederrhein.de\/index.php?rest_route=%2Fwp%2Fv2%2Fmedia&parent=240"}],"curies":[{"name":"wp","href":"https:\/\/api.w.org\/{rel}","templated":true}]}}