{"id":241,"date":"2014-05-04T15:54:13","date_gmt":"2014-05-04T15:54:13","guid":{"rendered":"http:\/\/demo.themegrill.com\/vintage\/?page_id=6"},"modified":"2022-01-18T18:20:46","modified_gmt":"2022-01-18T18:20:46","slug":"retina-ready","status":"publish","type":"page","link":"https:\/\/smarthome-niederrhein.de\/?page_id=241","title":{"rendered":"Unser gemeinsamer Plan"},"content":{"rendered":"<p>Nachdem Sie von uns erfahren haben, welche Herausforderungen grunds\u00e4tzlich mit moderner Automationstechnik gel\u00f6st werden k\u00f6nnen, sollten wir gemeinsam \u00fcberlegen, wie Ihre individuelle, aber stets offene und erweiterbare, L\u00f6sung aussehen soll.<\/p>\n<h6>Denn wir wissen, wie es geht<\/h6>\n<p>Mit der Erfahrung aus vielen Projekten beraten wir Sie kompetent und definieren gemeinsam mit Ihnen die Funktionen, die Ihr Automationssystem erf\u00fcllen soll. Wussten Sie beispielsweise, wozu ein Pr\u00e4senzmelder dienen kann? Einfachste \u00dcbung: Wir schalten das Licht ein, sobald jemand den Raum betritt.<\/p>\n<h6>Ein Sensor &#8211; Aktion nach Wunsch<\/h6>\n<p>Sie sind abwesend und der Pr\u00e4senzmelder l\u00f6st dennoch aus? Nach einer Mitteilung auf Ihr Mobiltelefon nutzen Sie aus der Ferne eine Webcam, um nachzusehen, was da los ist. Oder Sie verjagen den Eindringling direkt \u00fcber die im Haus installierte Alarmsirene. Fehlalarm, weil es nur die Nachbarkatze war? Kein Problem: Ehe das arme Tier g\u00e4nzlich taub wird, schalten Sie die Sirene aus der Ferne ab.<\/p>\n<p>Viel schlimmer noch, wenn sich trotz Anwesenheit einer Person der Pr\u00e4senzmelder \u00fcber eine bestimmte Zeit nicht r\u00fchrt. Ist da etwas passiert?<\/p>\n<h6>Ihre Anforderung &#8211; unsere Herausforderung<\/h6>\n<p>Gemeinsam mit Ihnen definieren wir die Anforderungen und legen die gew\u00fcnschten Funktionen und Abl\u00e4ufe in einem Pflichtenheft detailliert fest. \u00a0Wenn Sie eine Ausschreibung oder Preisanfrage ohne Festlegung auf ein bestimmtes System planen, k\u00f6nnen Sie dieses Pflichtenheft als funktionelles Leistungsverzeichnis verwenden. Dar\u00fcber hinaus unterbreiten wir Ihnen unter Ber\u00fccksichtigung der\u00a0Art des Projektes (Neubau, Umbau, Renovierung) eine Empfehlung, mit welchen Produkten wir Ihre Anforderungen l\u00f6sen w\u00fcrden. Hierzu erstellen wir gerne ein detailliertes Leistungsverzeichnis f\u00fcr Ihre Preisanfragen.<\/p>\n<p>\u00a0<\/p>\n\n\n<p><\/p>\n","protected":false},"excerpt":{"rendered":"<p>Nachdem Sie von uns erfahren haben, welche Herausforderungen grunds\u00e4tzlich mit moderner Automationstechnik gel\u00f6st werden k\u00f6nnen, sollten wir gemeinsam \u00fcberlegen, wie Ihre individuelle, aber stets offene und erweiterbare, L\u00f6sung aussehen soll. Denn wir wissen, wie es geht Mit der Erfahrung aus&hellip; <\/p>\n","protected":false},"author":1,"featured_media":0,"parent":0,"menu_order":0,"comment_status":"closed","ping_status":"closed","template":"","meta":{"footnotes":""},"class_list":["post-241","page","type-page","status-publish","hentry"],"_links":{"self":[{"href":"https:\/\/smarthome-niederrhein.de\/index.php?rest_route=\/wp\/v2\/pages\/241","targetHints":{"allow":["GET"]}}],"collection":[{"href":"https:\/\/smarthome-niederrhein.de\/index.php?rest_route=\/wp\/v2\/pages"}],"about":[{"href":"https:\/\/smarthome-niederrhein.de\/index.php?rest_route=\/wp\/v2\/types\/page"}],"author":[{"embeddable":true,"href":"https:\/\/smarthome-niederrhein.de\/index.php?rest_route=\/wp\/v2\/users\/1"}],"replies":[{"embeddable":true,"href":"https:\/\/smarthome-niederrhein.de\/index.php?rest_route=%2Fwp%2Fv2%2Fcomments&post=241"}],"version-history":[{"count":10,"href":"https:\/\/smarthome-niederrhein.de\/index.php?rest_route=\/wp\/v2\/pages\/241\/revisions"}],"predecessor-version":[{"id":408,"href":"https:\/\/smarthome-niederrhein.de\/index.php?rest_route=\/wp\/v2\/pages\/241\/revisions\/408"}],"wp:attachment":[{"href":"https:\/\/smarthome-niederrhein.de\/index.php?rest_route=%2Fwp%2Fv2%2Fmedia&parent=241"}],"curies":[{"name":"wp","href":"https:\/\/api.w.org\/{rel}","templated":true}]}}