{"id":25,"date":"2014-05-04T16:37:31","date_gmt":"2014-05-04T16:37:31","guid":{"rendered":"http:\/\/demo.themegrill.com\/vintage\/?page_id=25"},"modified":"2022-01-18T10:45:44","modified_gmt":"2022-01-18T10:45:44","slug":"business-layout","status":"publish","type":"page","link":"https:\/\/smarthome-niederrhein.de\/?page_id=25","title":{"rendered":"Garten, Sauna &#038; Pool"},"content":{"rendered":"<p>Automatisierte Gartenbew\u00e4sserung<\/p>\n<ul>\n<li>zeitgesteuert<\/li>\n<li>sensorgesteuert (z. B. Bodenfeuchte)<\/li>\n<\/ul>\n<p>Netzwerkbasierte Steuerung und Dosierung f\u00fcr Schwimmb\u00e4der und Whirlpools<\/p>\n<ul>\n<li>zeitgesteuert<\/li>\n<li>sensorgesteuert (z. B. pH-Wert, Redoxpotential)<\/li>\n<li>vollautomatische Ansteuerung von Dosierpumpen und Elektrolysenanlagen<\/li>\n<li>Benachrichtigung bei \u00dcber-\/Unterschreitung<\/li>\n<li>Ansteuerung von W\u00e4rmepumpen (z. B. temperaturabh\u00e4ngig)<\/li>\n<li>Fernzugriff<\/li>\n<\/ul>\n<p>Saunasteuerung<\/p>\n<ul>\n<li>pr\u00e4zise Temperaturregelung des Saunaofens<\/li>\n<li>Temperatur\u00fcberwachung mittels Sensor<\/li>\n<li>Steuerung der Saunabeleuchtung<\/li>\n<li>Sicherheitsabschaltung<\/li>\n<\/ul>\n","protected":false},"excerpt":{"rendered":"<p>Automatisierte Gartenbew\u00e4sserung zeitgesteuert sensorgesteuert (z. B. Bodenfeuchte) Netzwerkbasierte Steuerung und Dosierung f\u00fcr Schwimmb\u00e4der und Whirlpools zeitgesteuert sensorgesteuert (z. B. pH-Wert, Redoxpotential) vollautomatische Ansteuerung von Dosierpumpen und Elektrolysenanlagen Benachrichtigung bei \u00dcber-\/Unterschreitung Ansteuerung von W\u00e4rmepumpen (z. B. temperaturabh\u00e4ngig) Fernzugriff Saunasteuerung pr\u00e4zise Temperaturregelung&hellip; <\/p>\n","protected":false},"author":1,"featured_media":306,"parent":0,"menu_order":0,"comment_status":"closed","ping_status":"closed","template":"","meta":{"footnotes":""},"class_list":["post-25","page","type-page","status-publish","has-post-thumbnail","hentry"],"_links":{"self":[{"href":"https:\/\/smarthome-niederrhein.de\/index.php?rest_route=\/wp\/v2\/pages\/25","targetHints":{"allow":["GET"]}}],"collection":[{"href":"https:\/\/smarthome-niederrhein.de\/index.php?rest_route=\/wp\/v2\/pages"}],"about":[{"href":"https:\/\/smarthome-niederrhein.de\/index.php?rest_route=\/wp\/v2\/types\/page"}],"author":[{"embeddable":true,"href":"https:\/\/smarthome-niederrhein.de\/index.php?rest_route=\/wp\/v2\/users\/1"}],"replies":[{"embeddable":true,"href":"https:\/\/smarthome-niederrhein.de\/index.php?rest_route=%2Fwp%2Fv2%2Fcomments&post=25"}],"version-history":[{"count":5,"href":"https:\/\/smarthome-niederrhein.de\/index.php?rest_route=\/wp\/v2\/pages\/25\/revisions"}],"predecessor-version":[{"id":401,"href":"https:\/\/smarthome-niederrhein.de\/index.php?rest_route=\/wp\/v2\/pages\/25\/revisions\/401"}],"wp:featuredmedia":[{"embeddable":true,"href":"https:\/\/smarthome-niederrhein.de\/index.php?rest_route=\/wp\/v2\/media\/306"}],"wp:attachment":[{"href":"https:\/\/smarthome-niederrhein.de\/index.php?rest_route=%2Fwp%2Fv2%2Fmedia&parent=25"}],"curies":[{"name":"wp","href":"https:\/\/api.w.org\/{rel}","templated":true}]}}