{"id":365,"date":"2022-01-17T18:11:59","date_gmt":"2022-01-17T18:11:59","guid":{"rendered":"https:\/\/smarthome-niederrhein.de\/?page_id=365"},"modified":"2022-01-17T19:46:22","modified_gmt":"2022-01-17T19:46:22","slug":"fachhandwerker","status":"publish","type":"page","link":"https:\/\/smarthome-niederrhein.de\/?page_id=365","title":{"rendered":"B2B"},"content":{"rendered":"<p>Sie sind Fachunternehmen der Gewerke Elektro, Heizung\/L\u00fcftung\/Klima, Energieanlagen oder Schwimmbad-\/Poolbau? Aufgrund steigender Kundennachfrage m\u00f6chten Sie Automatisierungsl\u00f6sungen anbieten, ohne eigene Ressourcen zu binden?<\/p>\n<p>Setzen Sie mit uns auf einen versierten und zuverl\u00e4ssigen Partner.<\/p>\n<h6><b style=\"font-size: 15px;\">Ihre Vorteile<\/b><\/h6>\n<ul>\n<li>markenneutrale Beratung f\u00fcr optimale L\u00f6sungen<\/li>\n<li>detaillierte Planung und Materialbedarfsermittlung<\/li>\n<li>Vernetzung der Gewerke (z. B. intelligente PV-Eigenverbrauchsl\u00f6sungen)<\/li>\n<li>g\u00fcnstige Hardwarekonditionen<\/li>\n<\/ul>\n<p>Wir suchen verl\u00e4ssliche Kooperationspartner f\u00fcr die handwerkliche Umsetzung von Kundenprojekten.\u00a0Sie sind an einer Zusammenarbeit interessiert?<\/p>\n<p>Kontaktieren Sie uns gerne hier, wir melden uns schnellstm\u00f6glich bei Ihnen:<\/p>\n<div class=\"everest-forms\"><div class=\"evf-container default\" id=\"evf-379\"><form id=\"evf-form-379\" class=\"everest-form\" data-formid=\"379\" data-ajax_submission=\"0\" data-keyboard_friendly_form=\"0\" data-form_state_type=\"\" method=\"post\" enctype=\"multipart\/form-data\" action=\"\/index.php?rest_route=%2Fwp%2Fv2%2Fpages%2F365\"><div class=\"evf-field-container\"><input type=\"hidden\" id=\"_wpnonce379\" name=\"_wpnonce379\" value=\"fa61c43c5d\" \/><input type=\"hidden\" name=\"_wp_http_referer\" value=\"\/index.php?rest_route=%2Fwp%2Fv2%2Fpages%2F365\" \/><div class=\"evf-frontend-row\" data-row=\"row_1\" conditional_rules=\"[]\"><div class=\"evf-frontend-grid evf-grid-1\" data-grid=\"grid_1\"><div id=\"evf-379-field_sLZRVYmNc2-3-container\" class=\"evf-field evf-field-text form-row validate-required\" data-required-field-message=\"Dieses Feld ist notwendig.\" data-field-id=\"sLZRVYmNc2-3\"><label class=\"evf-field-label\" for=\"evf-379-field_sLZRVYmNc2-3\"><span class=\"evf-label\">Unternehmen<\/span> <abbr class=\"required\" title=\"Required\">*<\/abbr><\/label><input type=\"text\" id=\"evf-379-field_sLZRVYmNc2-3\" class=\"input-text\" name=\"everest_forms[form_fields][sLZRVYmNc2-3]\" required><\/div><div id=\"evf-379-field_lJHgGlpxKV-4-container\" class=\"evf-field evf-field-text form-row validate-required\" data-required-field-message=\"Dieses Feld ist notwendig.\" data-field-id=\"lJHgGlpxKV-4\"><label class=\"evf-field-label\" for=\"evf-379-field_lJHgGlpxKV-4\"><span class=\"evf-label\">Unternehmensanschrift<\/span> <abbr class=\"required\" title=\"Required\">*<\/abbr><\/label><input type=\"text\" id=\"evf-379-field_lJHgGlpxKV-4\" class=\"input-text\" name=\"everest_forms[form_fields][lJHgGlpxKV-4]\" required><\/div><div id=\"evf-379-field_name-container\" class=\"evf-field evf-field-text form-row validate-required\" data-required-field-message=\"Dieses Feld ist notwendig.\" data-field-id=\"name\"><label class=\"evf-field-label\" for=\"evf-379-field_name\"><span class=\"evf-label\">Ansprechpartner<\/span> <abbr class=\"required\" title=\"Required\">*<\/abbr><\/label><input type=\"text\" id=\"evf-379-field_name\" class=\"input-text\" name=\"everest_forms[form_fields][name]\" required><\/div><div id=\"evf-379-field_txKd7Co1IH-1-container\" class=\"evf-field evf-field-text form-row validate-required\" data-required-field-message=\"Dieses Feld ist notwendig.\" data-field-id=\"txKd7Co1IH-1\"><label class=\"evf-field-label\" for=\"evf-379-field_txKd7Co1IH-1\"><span class=\"evf-label\">Telefon<\/span> <abbr class=\"required\" title=\"Required\">*<\/abbr><\/label><input type=\"text\" id=\"evf-379-field_txKd7Co1IH-1\" class=\"input-text\" name=\"everest_forms[form_fields][txKd7Co1IH-1]\" required><\/div><div id=\"evf-379-field_email-container\" class=\"evf-field evf-field-email form-row validate-required validate-email\" data-required-field-message=\"Bitte tragen Sie eine g\u00fcltige Mailadresse ein.\" data-field-id=\"email\"><label class=\"evf-field-label\" for=\"evf-379-field_email\"><span class=\"evf-label\">Email<\/span> <abbr class=\"required\" title=\"Required\">*<\/abbr><\/label><input type=\"email\" id=\"evf-379-field_email\" class=\"input-text\" name=\"everest_forms[form_fields][email]\" required ><\/div><div id=\"evf-379-field_uR0XLB7trQ-6-container\" class=\"evf-field evf-field-checkbox form-row\" data-field-id=\"uR0XLB7trQ-6\"><label class=\"evf-field-label\" for=\"evf-379-field_uR0XLB7trQ-6\"><span class=\"evf-label\">Wir sind interessiert an<\/span> <\/label><ul id=\"evf-379-field_uR0XLB7trQ-6\"><li class=\"choice-1 depth-1\"><input type=\"checkbox\" id=\"evf-379-field_uR0XLB7trQ-6_1\" class=\"input-text\" name=\"everest_forms[form_fields][uR0XLB7trQ-6][]\" value=\"Beratungsleistung\"  ><label class=\"everest-forms-field-label-inline\" for=\"evf-379-field_uR0XLB7trQ-6_1\">Beratungsleistung<\/label><\/li><li class=\"choice-2 depth-1\"><input type=\"checkbox\" id=\"evf-379-field_uR0XLB7trQ-6_2\" class=\"input-text\" name=\"everest_forms[form_fields][uR0XLB7trQ-6][]\" value=\"Planungsleistung\"  ><label class=\"everest-forms-field-label-inline\" for=\"evf-379-field_uR0XLB7trQ-6_2\">Planungsleistung<\/label><\/li><li class=\"choice-3 depth-1\"><input type=\"checkbox\" id=\"evf-379-field_uR0XLB7trQ-6_3\" class=\"input-text\" name=\"everest_forms[form_fields][uR0XLB7trQ-6][]\" value=\"Hardwareeinkauf\"  ><label class=\"everest-forms-field-label-inline\" for=\"evf-379-field_uR0XLB7trQ-6_3\">Hardwareeinkauf<\/label><\/li><li class=\"choice-4 depth-1\"><input type=\"checkbox\" id=\"evf-379-field_uR0XLB7trQ-6_4\" class=\"input-text\" name=\"everest_forms[form_fields][uR0XLB7trQ-6][]\" value=\"dauerhafter Kooperation\"  ><label class=\"everest-forms-field-label-inline\" for=\"evf-379-field_uR0XLB7trQ-6_4\">dauerhafter Kooperation<\/label><\/li><\/ul><\/div><div id=\"evf-379-field_message-container\" class=\"evf-field evf-field-textarea form-row\" data-field-id=\"message\"><label class=\"evf-field-label\" for=\"evf-379-field_message\"><span class=\"evf-label\">Nachricht<\/span> <\/label><textarea id=\"evf-379-field_message\" class=\"input-text\" name=\"everest_forms[form_fields][message]\"  ><\/textarea><\/div><\/div><\/div><\/div><div class=\"evf-honeypot-container evf-field-hp\"><label for=\"evf-379-field-hp\" class=\"evf-field-label\">Phone<\/label><input type=\"text\" name=\"everest_forms[hp]\" id=\"evf-379-field-hp\" class=\"input-text\"><\/div><div class=\"evf-submit-container \" ><input type=\"hidden\" name=\"everest_forms[id]\" value=\"379\"><input type=\"hidden\" name=\"everest_forms[author]\" value=\"1\"><button type='submit' name='everest_forms[submit]' class='everest-forms-submit-button button evf-submit ' id='evf-submit-379' value='evf-submit' data-process-text=\"Processing\u2026\" conditional_rules='&quot;&quot;' conditional_id='evf-submit-379'  id=\"evf-submit-379\" aria-live=\"assertive\">Submit<\/button><\/div><\/form><\/div><!-- .evf-container --><\/div>\n","protected":false},"excerpt":{"rendered":"<p>Sie sind Fachunternehmen der Gewerke Elektro, Heizung\/L\u00fcftung\/Klima, Energieanlagen oder Schwimmbad-\/Poolbau? Aufgrund steigender Kundennachfrage m\u00f6chten Sie Automatisierungsl\u00f6sungen anbieten, ohne eigene Ressourcen zu binden? Setzen Sie mit uns auf einen versierten und zuverl\u00e4ssigen Partner. Ihre Vorteile markenneutrale Beratung f\u00fcr optimale L\u00f6sungen detaillierte&hellip; <\/p>\n","protected":false},"author":1,"featured_media":0,"parent":0,"menu_order":0,"comment_status":"closed","ping_status":"closed","template":"","meta":{"footnotes":""},"class_list":["post-365","page","type-page","status-publish","hentry"],"_links":{"self":[{"href":"https:\/\/smarthome-niederrhein.de\/index.php?rest_route=\/wp\/v2\/pages\/365","targetHints":{"allow":["GET"]}}],"collection":[{"href":"https:\/\/smarthome-niederrhein.de\/index.php?rest_route=\/wp\/v2\/pages"}],"about":[{"href":"https:\/\/smarthome-niederrhein.de\/index.php?rest_route=\/wp\/v2\/types\/page"}],"author":[{"embeddable":true,"href":"https:\/\/smarthome-niederrhein.de\/index.php?rest_route=\/wp\/v2\/users\/1"}],"replies":[{"embeddable":true,"href":"https:\/\/smarthome-niederrhein.de\/index.php?rest_route=%2Fwp%2Fv2%2Fcomments&post=365"}],"version-history":[{"count":7,"href":"https:\/\/smarthome-niederrhein.de\/index.php?rest_route=\/wp\/v2\/pages\/365\/revisions"}],"predecessor-version":[{"id":393,"href":"https:\/\/smarthome-niederrhein.de\/index.php?rest_route=\/wp\/v2\/pages\/365\/revisions\/393"}],"wp:attachment":[{"href":"https:\/\/smarthome-niederrhein.de\/index.php?rest_route=%2Fwp%2Fv2%2Fmedia&parent=365"}],"curies":[{"name":"wp","href":"https:\/\/api.w.org\/{rel}","templated":true}]}}