{"id":62,"date":"2014-07-09T13:35:14","date_gmt":"2014-07-09T13:35:14","guid":{"rendered":"http:\/\/demo.themegrill.com\/vintage\/?page_id=62"},"modified":"2022-01-18T19:01:35","modified_gmt":"2022-01-18T19:01:35","slug":"right-sidebar","status":"publish","type":"page","link":"https:\/\/smarthome-niederrhein.de\/?page_id=62","title":{"rendered":"Erneuerbare Energien"},"content":{"rendered":"<ul>\n<li>Einbindung von Photovoltaikanlagen<\/li>\n<li>Eigenverbrauchsoptimierung<\/li>\n<li>Nutzung \u00fcbersch\u00fcssiger Solarstromproduktion, z. B. f\u00fcr die Warmwassergewinnung<\/li>\n<li>Energiemanagement<\/li>\n<li>Energiemonitoring<\/li>\n<li><\/li>\n<\/ul>\n","protected":false},"excerpt":{"rendered":"<p>Einbindung von Photovoltaikanlagen Eigenverbrauchsoptimierung Nutzung \u00fcbersch\u00fcssiger Solarstromproduktion, z. B. f\u00fcr die Warmwassergewinnung Energiemanagement Energiemonitoring<\/p>\n","protected":false},"author":1,"featured_media":308,"parent":0,"menu_order":0,"comment_status":"closed","ping_status":"closed","template":"","meta":{"footnotes":""},"class_list":["post-62","page","type-page","status-publish","has-post-thumbnail","hentry"],"_links":{"self":[{"href":"https:\/\/smarthome-niederrhein.de\/index.php?rest_route=\/wp\/v2\/pages\/62","targetHints":{"allow":["GET"]}}],"collection":[{"href":"https:\/\/smarthome-niederrhein.de\/index.php?rest_route=\/wp\/v2\/pages"}],"about":[{"href":"https:\/\/smarthome-niederrhein.de\/index.php?rest_route=\/wp\/v2\/types\/page"}],"author":[{"embeddable":true,"href":"https:\/\/smarthome-niederrhein.de\/index.php?rest_route=\/wp\/v2\/users\/1"}],"replies":[{"embeddable":true,"href":"https:\/\/smarthome-niederrhein.de\/index.php?rest_route=%2Fwp%2Fv2%2Fcomments&post=62"}],"version-history":[{"count":4,"href":"https:\/\/smarthome-niederrhein.de\/index.php?rest_route=\/wp\/v2\/pages\/62\/revisions"}],"predecessor-version":[{"id":427,"href":"https:\/\/smarthome-niederrhein.de\/index.php?rest_route=\/wp\/v2\/pages\/62\/revisions\/427"}],"wp:featuredmedia":[{"embeddable":true,"href":"https:\/\/smarthome-niederrhein.de\/index.php?rest_route=\/wp\/v2\/media\/308"}],"wp:attachment":[{"href":"https:\/\/smarthome-niederrhein.de\/index.php?rest_route=%2Fwp%2Fv2%2Fmedia&parent=62"}],"curies":[{"name":"wp","href":"https:\/\/api.w.org\/{rel}","templated":true}]}}